{"id":15408,"date":"2024-06-03T10:32:06","date_gmt":"2024-06-03T02:32:06","guid":{"rendered":"https:\/\/www.en-plustech.com\/es\/?page_id=15408"},"modified":"2024-08-01T17:00:33","modified_gmt":"2024-08-01T09:00:33","slug":"ev-charging-time-calculator","status":"publish","type":"page","link":"https:\/\/www.en-plustech.com\/es\/resources\/ev-charging-time-calculator\/","title":{"rendered":"EV Charging Time Calculator"},"content":{"rendered":"\t\t<div data-elementor-type=\"wp-page\" data-elementor-id=\"15408\" class=\"elementor elementor-15408\" data-elementor-post-type=\"page\">\n\t\t\t\t<div class=\"elementor-element elementor-element-9b57f33 e-flex e-con-boxed e-con e-parent\" data-id=\"9b57f33\" data-element_type=\"container\" data-settings=\"{&quot;background_background&quot;:&quot;classic&quot;}\">\n\t\t\t\t\t<div class=\"e-con-inner\">\n\t\t<div class=\"elementor-element elementor-element-20af919 e-con-full e-flex e-con e-child\" data-id=\"20af919\" data-element_type=\"container\">\n\t\t\t\t<div class=\"elementor-element elementor-element-6d83279 elementor-widget elementor-widget-heading\" data-id=\"6d83279\" data-element_type=\"widget\" data-widget_type=\"heading.default\">\n\t\t\t\t<div class=\"elementor-widget-container\">\n\t\t\t<h2 class=\"elementor-heading-title elementor-size-default\">Calculadora del Tiempo de Carga de VE<\/h2>\t\t<\/div>\n\t\t\t\t<\/div>\n\t\t\t\t<div class=\"elementor-element elementor-element-c1a6c22 enplus_calc-content elementor-widget elementor-widget-text-editor\" data-id=\"c1a6c22\" data-element_type=\"widget\" data-widget_type=\"text-editor.default\">\n\t\t\t\t<div class=\"elementor-widget-container\">\n\t\t\t\t\t\t\t<p>Nuestra Calculadora de Tiempo de Carga de VE le ayuda a estimar el tiempo de carga de su veh\u00edculo el\u00e9ctrico. Es totalmente gratuita, se puede utilizar un n\u00famero ilimitado de veces sin requerer datos personales. Tanto si est\u00e1 planificando un viaje como si simplemente siente curiosidad por conocer las necesidades de carga de su veh\u00edculo el\u00e9ctrico, nuestra calculadora le ofrece resultados r\u00e1pidos y precisos para que siempre est\u00e9 preparado.<\/p><p>Simply enter your electric car&#8217;s brand and model, select the charging station, and calculate the charging time.\n<div class=\"calculate-container\" style=\"max-width: 100%\" id=\"calculate\">\n  <div class=\"calculate-head\">\n    <div class=\"calculate-heading\">Calculadora del Tiempo de Carga<\/div>\n    <div class=\"calculate-time\">\n      <span class=\"value\" id=\"hours\">0<\/span>\n      <span class=\"units\">h<\/span>\n      <span class=\"value\" id=\"minutes\">0<\/span>\n      <span class=\"units\">min<\/span>\n    <\/div>\n  <\/div>\n  <div class=\"calculate__model-info\">\n    <div class=\"flex-container\">\n      <div class=\"flex-item\">\n        <div class=\"item-title\">Marca EV<\/div>\n        <select name=\"\" id=\"ev-brand\" class=\"item-select\">\n          <!-- JavaScript will populate options here -->\n        <\/select>\n      <\/div>\n      <div class=\"flex-item\">\n        <div class=\"item-title\">Modelo EV<\/div>\n        <select name=\"\" id=\"ev-model\" class=\"item-select\">\n          <!-- JavaScript will populate options here -->\n        <\/select>\n      <\/div>\n    <\/div>\n    <div class=\"item-title2\">Especificaciones de VE Aj\u00fastalo si es necesario<\/div>\n    <div class=\"flex-container\">\n      <div class=\"flex-item\">\n        <div class=\"item-title2\">Capacidad de Bater\u00eda (kWh)<\/div>\n        <input type=\"number\" id=\"battery-capacity\" class=\"item-input\">\n      <\/div>\n      <div class=\"flex-item\">\n        <div class=\"item-title2\">Potencia M\u00e1xima de Carga (kW)<\/div>\n        <input type=\"number\" id=\"max-charging-power\" class=\"item-input\">\n      <\/div>\n    <\/div>\n  <\/div>\n  <div class=\"caculate_chargers-info\">\n    <div class=\"item-title\">Series<\/div>\n      <select name=\"\" id=\"ev-chargers\" class=\"item-select\">\n        <!-- JavaScript will populate options here -->\n      <\/select>\n  <\/div>\n  <div class=\"calculate_btn-container\">\n    <button class=\"calculate-btn\" id=\"calculate-btn\">Calcular<\/button>\n  <\/div>\n<\/div>\n\n<script>\n  document.addEventListener('DOMContentLoaded', function() {\n    const chargers = {\n  \"3.5kW\": \"Memo Series\",\n  \"7kW\": \"Alvis\/Caro\/Caro Pro\/Saro\/Vita\/Cubo Series\",\n  \"11kW\": \"Alvis\/Caro Series\",\n  \"22kW\": \"Caro Pro\/Saro\/Vita\/Cubo Series\",\n  \"30kW\": \"Corebox\/Mobox Series\",\n  \"40kW\": \"Mobox Series\",\n  \"60kW\": \"Turbo Series\",\n  \"120kW\": \"Turbo Series\",\n  \"180kW\": \"Rocket Series\",\n  \"240kW\": \"Rocket Series\",\n  \"300kW\": \"Rocket Series\"\n};\n    const brandSelect = document.getElementById('ev-brand');\n    const modelSelect = document.getElementById('ev-model');\n    const batteryCapacityInput = document.getElementById('battery-capacity');\n    const maxChargingPowerInput = document.getElementById('max-charging-power');\n    const chargerSelect = document.getElementById('ev-chargers');\n    const hoursSpan = document.getElementById('hours');\n    const minutesSpan = document.getElementById('minutes');\n\n    let evData = {};\n\n    function fetchData(url) {\n      return fetch(url)\n        .then(response => response.json())\n        .catch(error => console.error('Error fetching data:', error));\n    }\n\n    function populateBrands(data) {\n      for (const brand in data) {\n        const option = document.createElement('option');\n        option.value = brand;\n        option.textContent = brand;\n        brandSelect.appendChild(option);\n      }\n    }\n\n    function populateModels() {\n      modelSelect.innerHTML = '';\n      const brand = brandSelect.value;\n      if (brand) {\n        const models = evData[brand];\n        for (const model in models) {\n          const option = document.createElement('option');\n          option.value = model;\n          option.textContent = model;\n          modelSelect.appendChild(option);\n        }\n        modelSelect.selectedIndex = 0;\n        updateSpecs();\n      }\n    }\n\n    function updateSpecs() {\n      const brand = brandSelect.value;\n      const model = modelSelect.value;\n      if (brand && model) {\n        const specs = evData[brand][model];\n        batteryCapacityInput.value = specs.batteryCapacity;\n        maxChargingPowerInput.value = specs.maxChargingPower;\n      }\n    }\n\n    function populateChargers(chargers) {\n      for (const power in chargers) {\n        const option = document.createElement('option');\n        option.value = power;\n        option.textContent = `${power} | ${chargers[power]}`;\n        chargerSelect.appendChild(option);\n      }\n    }\n\n    function calculateChargingTime() {\n      const batteryCapacity = parseFloat(batteryCapacityInput.value);\n      const maxChargingPower = parseFloat(maxChargingPowerInput.value);\n      const chargerPower = parseFloat(chargerSelect.value.split('kW')[0]);\n      const actualChargingPower = Math.min(maxChargingPower, chargerPower);\n\n      if (!isNaN(batteryCapacity) && !isNaN(actualChargingPower)) {\n        const T0_80 = (0.8 * batteryCapacity) \/ (actualChargingPower * 0.9);\n        const T80_100 = (0.2 * batteryCapacity) \/ (actualChargingPower * 0.3 * 0.9);\n        const totalTime = T0_80 + T80_100;\n        \n        const hours = Math.floor(totalTime);\n        const minutes = Math.round((totalTime - hours) * 60);\n        \n        hoursSpan.textContent = hours;\n        minutesSpan.textContent = minutes;\n      } else {\n        hoursSpan.textContent = '0';\n        minutesSpan.textContent = '0';\n      }\n\n    }\n\n    brandSelect.addEventListener('change', populateModels);\n    modelSelect.addEventListener('change', updateSpecs);\n    document.getElementById('calculate-btn').addEventListener('click', function() {\n      calculateChargingTime();\n      if (window.innerWidth < 767) {\n        document.getElementById('calculate').scrollIntoView({ behavior: 'smooth' });\n      }\n    });\n\n    const dataUrl = '\/wp-content\/plugins\/enplus-pro\/dist\/file\/ev_data.json';\n\n    fetchData(dataUrl).then(data => {\n      evData = data;\n      populateBrands(data);\n      brandSelect.selectedIndex = 0;\n      populateModels();\n      \/\/ modelSelect.selectedIndex = 0;\n      \/\/ updateSpecs();\n      chargerSelect.selectedIndex = 0;\n      calculateChargingTime();\n    });\n\n    populateChargers(chargers);\n  });\n<\/script><\/p><h2>C\u00f3mo Calcular el Tiempo de Carga de Un Veh\u00edculo El\u00e9ctrico<\/h2><p>Calcular el tiempo de carga de un veh\u00edculo el\u00e9ctrico (VE) puede ser una tarea compleja. Aunque las f\u00f3rmulas y los c\u00e1lculos precisos pueden proporcionar una buena estimaci\u00f3n, nada supera a las pruebas en el mundo real en cuanto a precisi\u00f3n. Nuestro objetivo es ofrecerle una estimaci\u00f3n del tiempo de carga que le ayude a tomar decisiones y a planificar.<\/p><h3>Par\u00e1metros clave<\/h3><div>Para calcular el tiempo de carga de un veh\u00edculo el\u00e9ctrico, debemos tener en cuenta los siguientes par\u00e1metros clave:<\/div><ol><li><strong>Capacidad de Bater\u00eda (C):<\/strong> La capacidad total de almacenamiento de energ\u00eda de la bater\u00eda del VE, medida en kilovatios-hora (kWh).<\/li><li><strong>Potencia M\u00e1xima de Carga del VE (P_EV):<\/strong> La potencia m\u00e1xima a la que puede cargar el VE, medida en kilovatios (kW).<\/li><li><strong>Potencia de Salida de Estaci\u00f3n de Carga (P_CS):<\/strong> La potencia de salida de estaci\u00f3n de carga, medida en kilovatios (kW).<\/li><li><strong>Eficiencia de Carga (\u03b7):<\/strong> La eficiencia del proceso de carga, normalmente en torno al 90% (0,9).<\/li><\/ol><h3>Fases de carga<\/h3><div>La carga de VE suele dividirse en dos fases:<\/div><ol><li><strong>Fase 1:<\/strong> Carga del 0% al 80% de la capacidad de la bater\u00eda, en la que la potencia de carga se aproxima al m\u00e1ximo.<\/li><li><strong>Fase 2:<\/strong> Carga del 80% al 100%, en la que la potencia de carga disminuye significativamente para proteger la bater\u00eda.<\/li><\/ol><h3>Metodolog\u00eda de c\u00e1lculo<\/h3><p>El tiempo total de carga (T_total) puede calcularse sumando el tiempo de ambas fases.<\/p><h4>Fase 1: 0% a 80%<\/h4><div>T1=80% x C \/ (min(P_CS, P_EV) x \u03b7)<\/div><h4>Fase 2: 80% a 100%<\/h4><div>Suponiendo que la potencia de carga cae al 30% del m\u00e1ximo durante esta fase:<\/div><div>T2=20% x C \/ (min(P_CS, P_EV) x 30% x \u03b7)<\/div><h4>Tiempo Total de Carga<\/h4><div>T_total = T1 + T2<\/div><h3>Ejemplo: Tesla Model 3 y cargador serie Rocket (180 kW)<\/h3><div>Apliquemos esta metodolog\u00eda para calcular el tiempo de carga de un Tesla Model 3 y un cargador de Rocket Series con las siguientes especificaciones:<\/div><ul><li>Capacidad de Bater\u00eda (C): 82 kWh<\/li><li>Potencia M\u00e1xima de Carga de VE (P_EV): 250 kW<\/li><li>Potencia de Salida de Estaci\u00f3n de Carga (P_CS): 180 kW<\/li><li>Eficiencia de Carga (\u03b7): 0.9<\/li><\/ul><h4>Fase 1: 0% a 80%<\/h4><div>T1=80% x 82kWh \/ (min(180kW , 250kW) x 0,9) \u2248 25 min<\/div><h4>Fase 2: 80% a 100%<\/h4><div>T2=20% x 82kWh \/ (180kW x 30% x 0,9) \u2248 20min<\/div><h4>Tiempo Total de Carga<\/h4><div>T_total=T1 + T2=25min + 20min =45min<\/div><h3>Conclusi\u00f3n<\/h3><p>Utilizando los c\u00e1lculos anteriores, estimamos que la carga de un Tesla Model 3 con una bater\u00eda de 82 kWh y una potencia de carga m\u00e1xima de 250 kW en una estaci\u00f3n de carga de 180 kW CC tardar\u00eda aproximadamente 45 minutos en pasar del 0% al 100%. Entender estos c\u00e1lculos puede ayudar a los propietarios de VE a planificar mejor sus sesiones de carga, asegur\u00e1ndose de que pueden aprovechar al m\u00e1ximo el tiempo mientras su veh\u00edculo se carga.<br \/>Si comprende estos principios y m\u00e9todos, podr\u00e1 aplicar c\u00e1lculos similares a otros veh\u00edculos el\u00e9ctricos, lo que le ayudar\u00e1 a tomar decisiones informadas sobre la infraestructura de carga y la gesti\u00f3n del tiempo.<\/p>\t\t\t\t\t\t<\/div>\n\t\t\t\t<\/div>\n\t\t\t\t<\/div>\n\t\t\t\t\t<\/div>\n\t\t\t\t<\/div>\n\t\t\t\t<\/div>\n\t\t","protected":false},"excerpt":{"rendered":"<p>Calculadora del Tiempo de Carga de VE Nuestra Calculadora de Tiempo de Carga de VE le ayuda a estimar el tiempo de carga de su veh\u00edculo el\u00e9ctrico. Es totalmente gratuita, se puede utilizar un n\u00famero ilimitado de veces sin requerer datos personales. Tanto si est\u00e1 planificando un viaje como si simplemente siente curiosidad por conocer &hellip;<\/p>\n<p class=\"read-more\"> <a class=\"\" href=\"https:\/\/www.en-plustech.com\/es\/resources\/ev-charging-time-calculator\/\"> <span class=\"screen-reader-text\">EV Charging Time Calculator<\/span> Leer m\u00e1s &raquo;<\/a><\/p>\n","protected":false},"author":12,"featured_media":0,"parent":14,"menu_order":0,"comment_status":"closed","ping_status":"closed","template":"","meta":{"_acf_changed":false,"site-sidebar-layout":"no-sidebar","site-content-layout":"","ast-site-content-layout":"full-width-container","site-content-style":"default","site-sidebar-style":"default","ast-global-header-display":"","ast-banner-title-visibility":"","ast-main-header-display":"","ast-hfb-above-header-display":"","ast-hfb-below-header-display":"","ast-hfb-mobile-header-display":"","site-post-title":"disabled","ast-breadcrumbs-content":"","ast-featured-img":"disabled","footer-sml-layout":"","theme-transparent-header-meta":"default","adv-header-id-meta":"","stick-header-meta":"","header-above-stick-meta":"","header-main-stick-meta":"","header-below-stick-meta":"","astra-migrate-meta-layouts":"set","ast-page-background-enabled":"default","ast-page-background-meta":{"desktop":{"background-color":"var(--ast-global-color-4)","background-image":"","background-repeat":"repeat","background-position":"center center","background-size":"auto","background-attachment":"scroll","background-type":"","background-media":"","overlay-type":"","overlay-color":"","overlay-gradient":""},"tablet":{"background-color":"","background-image":"","background-repeat":"repeat","background-position":"center center","background-size":"auto","background-attachment":"scroll","background-type":"","background-media":"","overlay-type":"","overlay-color":"","overlay-gradient":""},"mobile":{"background-color":"","background-image":"","background-repeat":"repeat","background-position":"center center","background-size":"auto","background-attachment":"scroll","background-type":"","background-media":"","overlay-type":"","overlay-color":"","overlay-gradient":""}},"ast-content-background-meta":{"desktop":{"background-color":"var(--ast-global-color-5)","background-image":"","background-repeat":"repeat","background-position":"center center","background-size":"auto","background-attachment":"scroll","background-type":"","background-media":"","overlay-type":"","overlay-color":"","overlay-gradient":""},"tablet":{"background-color":"var(--ast-global-color-5)","background-image":"","background-repeat":"repeat","background-position":"center center","background-size":"auto","background-attachment":"scroll","background-type":"","background-media":"","overlay-type":"","overlay-color":"","overlay-gradient":""},"mobile":{"background-color":"var(--ast-global-color-5)","background-image":"","background-repeat":"repeat","background-position":"center center","background-size":"auto","background-attachment":"scroll","background-type":"","background-media":"","overlay-type":"","overlay-color":"","overlay-gradient":""}},"footnotes":""},"class_list":["post-15408","page","type-page","status-publish","hentry"],"acf":[],"_links":{"self":[{"href":"https:\/\/www.en-plustech.com\/es\/wp-json\/wp\/v2\/pages\/15408","targetHints":{"allow":["GET"]}}],"collection":[{"href":"https:\/\/www.en-plustech.com\/es\/wp-json\/wp\/v2\/pages"}],"about":[{"href":"https:\/\/www.en-plustech.com\/es\/wp-json\/wp\/v2\/types\/page"}],"author":[{"embeddable":true,"href":"https:\/\/www.en-plustech.com\/es\/wp-json\/wp\/v2\/users\/12"}],"replies":[{"embeddable":true,"href":"https:\/\/www.en-plustech.com\/es\/wp-json\/wp\/v2\/comments?post=15408"}],"version-history":[{"count":0,"href":"https:\/\/www.en-plustech.com\/es\/wp-json\/wp\/v2\/pages\/15408\/revisions"}],"up":[{"embeddable":true,"href":"https:\/\/www.en-plustech.com\/es\/wp-json\/wp\/v2\/pages\/14"}],"wp:attachment":[{"href":"https:\/\/www.en-plustech.com\/es\/wp-json\/wp\/v2\/media?parent=15408"}],"curies":[{"name":"wp","href":"https:\/\/api.w.org\/{rel}","templated":true}]}}