{"id":16104,"date":"2024-07-10T23:30:09","date_gmt":"2024-07-10T15:30:09","guid":{"rendered":"https:\/\/www.en-plustech.com\/de\/?page_id=16104"},"modified":"2024-07-11T12:10:54","modified_gmt":"2024-07-11T04:10:54","slug":"ev-charging-time-calculator","status":"publish","type":"page","link":"https:\/\/www.en-plustech.com\/de\/ev-charging-time-calculator\/","title":{"rendered":"EV-Ladezeitrechner"},"content":{"rendered":"\t\t<div data-elementor-type=\"wp-page\" data-elementor-id=\"16104\" class=\"elementor elementor-16104\" data-elementor-post-type=\"page\">\n\t\t\t\t<div class=\"elementor-element elementor-element-5a8121a e-flex e-con-boxed e-con e-parent\" data-id=\"5a8121a\" data-element_type=\"container\" data-settings=\"{&quot;background_background&quot;:&quot;classic&quot;}\">\n\t\t\t\t\t<div class=\"e-con-inner\">\n\t\t<div class=\"elementor-element elementor-element-3eaa7fb e-con-full e-flex e-con e-child\" data-id=\"3eaa7fb\" data-element_type=\"container\">\n\t\t\t\t<div class=\"elementor-element elementor-element-abb8d99 elementor-widget elementor-widget-theme-post-title elementor-page-title elementor-widget-heading\" data-id=\"abb8d99\" data-element_type=\"widget\" data-widget_type=\"theme-post-title.default\">\n\t\t\t\t<div class=\"elementor-widget-container\">\n\t\t\t<h1 class=\"elementor-heading-title elementor-size-default\">EV-Ladezeitrechner<\/h1>\t\t<\/div>\n\t\t\t\t<\/div>\n\t\t\t\t<div class=\"elementor-element elementor-element-0f337f3 enplus_calc-content elementor-widget elementor-widget-text-editor\" data-id=\"0f337f3\" data-element_type=\"widget\" data-widget_type=\"text-editor.default\">\n\t\t\t\t<div class=\"elementor-widget-container\">\n\t\t\t\t\t\t\t<p>Our EV Charging Time Calculator helps you estimate your electric vehicle&#8217;s charging time. It&#8217;s completely free, can be used unlimited times, and requires no personal information. Whether you&#8217;re planning a trip or just curious about your EV&#8217;s charging needs, our calculator provides quick and accurate results to ensure you&#8217;re always prepared.<\/p><p>Simply enter your electric car&#8217;s brand and model, select the charging station, and calculate the charging time.<\/p><p>\n<div class=\"calculate-container\" style=\"max-width: 100%\" id=\"calculate\">\n  <div class=\"calculate-head\">\n    <div class=\"calculate-heading\">Ladezeitrechner<\/div>\n    <div class=\"calculate-time\">\n      <span class=\"value\" id=\"hours\">0<\/span>\n      <span class=\"units\">h<\/span>\n      <span class=\"value\" id=\"minutes\">0<\/span>\n      <span class=\"units\">min<\/span>\n    <\/div>\n  <\/div>\n  <div class=\"calculate__model-info\">\n    <div class=\"flex-container\">\n      <div class=\"flex-item\">\n        <div class=\"item-title\">EV-Marke<\/div>\n        <select name=\"\" id=\"ev-brand\" class=\"item-select\">\n          <!-- JavaScript will populate options here -->\n        <\/select>\n      <\/div>\n      <div class=\"flex-item\">\n        <div class=\"item-title\">EV-Modell<\/div>\n        <select name=\"\" id=\"ev-model\" class=\"item-select\">\n          <!-- JavaScript will populate options here -->\n        <\/select>\n      <\/div>\n    <\/div>\n    <div class=\"item-title2\">EV-Spezifikationen Bei Bedarf anpassen<\/div>\n    <div class=\"flex-container\">\n      <div class=\"flex-item\">\n        <div class=\"item-title2\">Batteriekapazit\u00e4t (kWh)<\/div>\n        <input type=\"number\" id=\"battery-capacity\" class=\"item-input\">\n      <\/div>\n      <div class=\"flex-item\">\n        <div class=\"item-title2\">Maximale Ladeleistung (kW)<\/div>\n        <input type=\"number\" id=\"max-charging-power\" class=\"item-input\">\n      <\/div>\n    <\/div>\n  <\/div>\n  <div class=\"caculate_chargers-info\">\n    <div class=\"item-title\">Series<\/div> <!-- EV Chargers -->\n      <select name=\"\" id=\"ev-chargers\" class=\"item-select\">\n        <!-- JavaScript will populate options here -->\n      <\/select>\n  <\/div>\n  <div class=\"calculate_btn-container\">\n    <button class=\"calculate-btn\" id=\"calculate-btn\">Calculate<\/button>\n  <\/div>\n<\/div>\n\n<script>\n  document.addEventListener('DOMContentLoaded', function() {\n    const chargers = {\n  \"3.5kW\": \"Memo Series\",\n  \"7kW\": \"Alvis\/Caro\/Caro Pro\/Saro\/Vita\/Cubo Series\",\n  \"11kW\": \"Alvis\/Caro Series\",\n  \"22kW\": \"Caro Pro\/Saro\/Vita\/Cubo Series\",\n  \"30kW\": \"Corebox\/Mobox Series\",\n  \"40kW\": \"Mobox Series\",\n  \"60kW\": \"Turbo Series\",\n  \"120kW\": \"Turbo Series\",\n  \"180kW\": \"Rocket Series\",\n  \"240kW\": \"Rocket Series\",\n  \"300kW\": \"Rocket Series\"\n};\n    const brandSelect = document.getElementById('ev-brand');\n    const modelSelect = document.getElementById('ev-model');\n    const batteryCapacityInput = document.getElementById('battery-capacity');\n    const maxChargingPowerInput = document.getElementById('max-charging-power');\n    const chargerSelect = document.getElementById('ev-chargers');\n    const hoursSpan = document.getElementById('hours');\n    const minutesSpan = document.getElementById('minutes');\n\n    let evData = {};\n\n    function fetchData(url) {\n      return fetch(url)\n        .then(response => response.json())\n        .catch(error => console.error('Error fetching data:', error));\n    }\n\n    function populateBrands(data) {\n      for (const brand in data) {\n        const option = document.createElement('option');\n        option.value = brand;\n        option.textContent = brand;\n        brandSelect.appendChild(option);\n      }\n    }\n\n    function populateModels() {\n      modelSelect.innerHTML = '';\n      const brand = brandSelect.value;\n      if (brand) {\n        const models = evData[brand];\n        for (const model in models) {\n          const option = document.createElement('option');\n          option.value = model;\n          option.textContent = model;\n          modelSelect.appendChild(option);\n        }\n        modelSelect.selectedIndex = 0;\n        updateSpecs();\n      }\n    }\n\n    function updateSpecs() {\n      const brand = brandSelect.value;\n      const model = modelSelect.value;\n      if (brand && model) {\n        const specs = evData[brand][model];\n        batteryCapacityInput.value = specs.batteryCapacity;\n        maxChargingPowerInput.value = specs.maxChargingPower;\n      }\n    }\n\n    function populateChargers(chargers) {\n      for (const power in chargers) {\n        const option = document.createElement('option');\n        option.value = power;\n        option.textContent = `${power} | ${chargers[power]}`;\n        chargerSelect.appendChild(option);\n      }\n    }\n\n    function calculateChargingTime() {\n      const batteryCapacity = parseFloat(batteryCapacityInput.value);\n      const maxChargingPower = parseFloat(maxChargingPowerInput.value);\n      const chargerPower = parseFloat(chargerSelect.value.split('kW')[0]);\n      const actualChargingPower = Math.min(maxChargingPower, chargerPower);\n\n      if (!isNaN(batteryCapacity) && !isNaN(actualChargingPower)) {\n        const T0_80 = (0.8 * batteryCapacity) \/ (actualChargingPower * 0.9);\n        const T80_100 = (0.2 * batteryCapacity) \/ (actualChargingPower * 0.3 * 0.9);\n        const totalTime = T0_80 + T80_100;\n        \n        const hours = Math.floor(totalTime);\n        const minutes = Math.round((totalTime - hours) * 60);\n        \n        hoursSpan.textContent = hours;\n        minutesSpan.textContent = minutes;\n      } else {\n        hoursSpan.textContent = '0';\n        minutesSpan.textContent = '0';\n      }\n\n    }\n\n    brandSelect.addEventListener('change', populateModels);\n    modelSelect.addEventListener('change', updateSpecs);\n    document.getElementById('calculate-btn').addEventListener('click', function() {\n      calculateChargingTime();\n      if (window.innerWidth < 767) {\n        document.getElementById('calculate').scrollIntoView({ behavior: 'smooth' });\n      }\n    });\n\n    const dataUrl = '\/wp-content\/plugins\/enplus-pro\/dist\/file\/ev_data.json';\n\n    fetchData(dataUrl).then(data => {\n      evData = data;\n      populateBrands(data);\n      brandSelect.selectedIndex = 0;\n      populateModels();\n      \/\/ modelSelect.selectedIndex = 0;\n      \/\/ updateSpecs();\n      chargerSelect.selectedIndex = 0;\n      calculateChargingTime();\n    });\n\n    populateChargers(chargers);\n  });\n<\/script><\/p><h2>Wie berechnet man die Ladezeit eines Elektrofahrzeugs?<\/h2><p>Die Berechnung der Ladezeit eines Elektrofahrzeugs (EV) kann eine komplexe Aufgabe sein. Pr\u00e4zise Formeln und Berechnungen k\u00f6nnen zwar eine gute Sch\u00e4tzung liefern, aber nichts ist so genau wie ein Praxistest. Unser Ziel ist es, Ihnen eine gesch\u00e4tzte Ladezeit zu geben, um Sie bei Ihren Entscheidungen und Ihrer Planung zu unterst\u00fctzen.<\/p><h3>Wichtige Parameter<\/h3><div>Um die Ladezeit eines Elektrofahrzeugs zu berechnen, m\u00fcssen die folgenden Schl\u00fcsselparameter ber\u00fccksichtigt werden:<\/div><ol><li><strong>Batteriekapazit\u00e4t (C)<\/strong>: Die gesamte Energiespeicherkapazit\u00e4t der Batterie des Elektrofahrzeugs, gemessen in Kilowattstunden (kWh).<\/li><li><strong>Maximale Ladeleistung des Elektrofahrzeugs (P_EV)<\/strong>: Die maximale Leistung, mit der das Elektrofahrzeug geladen werden kann, gemessen in Kilowatt (kW).<\/li><li><strong>Ausgangsleistung der Ladestation (P_CS)<\/strong>: Die Ausgangsleistung der Ladestation, gemessen in Kilowatt (kW).<\/li><li><strong>Ladewirkungsgrad (\u03b7)<\/strong>: Der Wirkungsgrad des Ladevorgangs, in der Regel etwa 90 % (0,9).<\/li><\/ol><h3>Phasen des Ladevorgangs<\/h3><div>Das Aufladen eines Elektrofahrzeugs wird in der Regel in zwei Phasen unterteilt:<\/div><ol><li><strong>Phase 1<\/strong>: Laden von 0 % bis 80 % der Batteriekapazit\u00e4t, wobei die Ladeleistung nahe am Maximum liegt.<\/li><li><strong>Phase 2<\/strong>: Laden von 80 % bis 100 % der Batteriekapazit\u00e4t, wobei die Ladeleistung zum Schutz der Batterie deutlich abnimmt.<\/li><\/ol><h3>Berechnungsmethodik<\/h3><p>Die Gesamtladezeit (T_total) kann durch Addition der Zeiten f\u00fcr die beiden Phasen abgesch\u00e4tzt werden.<\/p><h4>Phase 1: 0 % bis 80%<\/h4><div>T1=80% x C \/ (min(P_CS, P_EV) x \u03b7)<\/div><h4>Phase 2: 80% bis 100%<\/h4><div>Es wird angenommen, dass die Ladeleistung in dieser Phase auf 30 % des Maximums abf\u00e4llt:<\/div><div>T2=20% x C \/ (min(P_CS, P_EV) x 30% x \u03b7)<\/div><h4>Gesamtladezeit<\/h4><div>T_Gesamt = T1 + T2<\/div><h3>Beispiel: Tesla Model 3 und EV-Ladeger\u00e4t der Rocket-Serie (180 kW)<\/h3><div>Wenden wir diese Methodik an, um die Ladezeit f\u00fcr ein Tesla Model 3 und ein Ladeger\u00e4t der Rocket-Serie mit den folgenden Spezifikationen zu berechnen:<\/div><ul><li><strong>Batteriekapazit\u00e4t (C)<\/strong>: 82 kWh<\/li><li><strong>Maximale Ladeleistung des Elektrofahrzeugs (P_EV):<\/strong> 250 kW<\/li><li><strong>Ausgangsleistung der Ladestation (P_CS)<\/strong>: 180 kW<\/li><li><strong>Ladewirkungsgrad (\u03b7)<\/strong>: 0.9<\/li><\/ul><h4>Phase 1: 0% bis 80%<\/h4><div>T1=80% x 82kWh \/ (min(180kW , 250kW) x 0.9) \u2248 25 min<\/div><h4>Phase 2: 80% bis 100%<\/h4><div>T2=20% x 82kWh \/ (180kW x 30% x 0.9) \u2248 20min<\/div><h4>Gesamtladezeit<\/h4><div>T_total=T1 + T2=25min + 20min =45min<\/div><h3>Schlussfolgerung<\/h3><p>Basierend auf den obigen Berechnungen sch\u00e4tzen wir, dass das Aufladen eines Tesla Model 3 mit einer 82-kWh-Batterie und einer maximalen Ladeleistung von 250 kW an einer 180-kW DC-Ladestation etwa 45 Minuten dauern w\u00fcrde, um von 0 % auf 100 % zu kommen. Das Verst\u00e4ndnis dieser Berechnungen kann den Besitzern von Elektrofahrzeugen helfen, ihre Ladevorg\u00e4nge besser zu planen und sicherzustellen, dass sie die Zeit, in der ihr Fahrzeug geladen wird, optimal nutzen.<br \/><br \/>Nach dem Verst\u00e4ndnis dieser Prinzipien und Methoden k\u00f6nnen Sie \u00e4hnliche Berechnungen auf andere Elektrofahrzeuge angewendet werden, um fundierte Entscheidungen \u00fcber die Ladeinfrastruktur und das Zeitmanagement zu treffen.<\/p>\t\t\t\t\t\t<\/div>\n\t\t\t\t<\/div>\n\t\t\t\t<\/div>\n\t\t\t\t\t<\/div>\n\t\t\t\t<\/div>\n\t\t\t\t<\/div>\n\t\t","protected":false},"excerpt":{"rendered":"<p>Our EV Charging Time Calculator helps you estimate your electric vehicle&#8217;s charging time. It&#8217;s completely free, can be used unlimited times, and requires no personal information. Whether you&#8217;re planning a trip or just curious about your EV&#8217;s charging needs, our calculator provides quick and accurate results to ensure you&#8217;re always prepared. Simply enter your electric &hellip;<\/p>\n<p class=\"read-more\"> <a class=\"\" href=\"https:\/\/www.en-plustech.com\/de\/ev-charging-time-calculator\/\"> <span class=\"screen-reader-text\">EV-Ladezeitrechner<\/span> Weiterlesen &raquo;<\/a><\/p>\n","protected":false},"author":12,"featured_media":0,"parent":0,"menu_order":0,"comment_status":"closed","ping_status":"closed","template":"","meta":{"_acf_changed":false,"site-sidebar-layout":"no-sidebar","site-content-layout":"","ast-site-content-layout":"full-width-container","site-content-style":"default","site-sidebar-style":"default","ast-global-header-display":"","ast-banner-title-visibility":"","ast-main-header-display":"","ast-hfb-above-header-display":"","ast-hfb-below-header-display":"","ast-hfb-mobile-header-display":"","site-post-title":"disabled","ast-breadcrumbs-content":"","ast-featured-img":"disabled","footer-sml-layout":"","theme-transparent-header-meta":"default","adv-header-id-meta":"","stick-header-meta":"","header-above-stick-meta":"","header-main-stick-meta":"","header-below-stick-meta":"","astra-migrate-meta-layouts":"set","ast-page-background-enabled":"default","ast-page-background-meta":{"desktop":{"background-color":"var(--ast-global-color-4)","background-image":"","background-repeat":"repeat","background-position":"center center","background-size":"auto","background-attachment":"scroll","background-type":"","background-media":"","overlay-type":"","overlay-color":"","overlay-gradient":""},"tablet":{"background-color":"","background-image":"","background-repeat":"repeat","background-position":"center center","background-size":"auto","background-attachment":"scroll","background-type":"","background-media":"","overlay-type":"","overlay-color":"","overlay-gradient":""},"mobile":{"background-color":"","background-image":"","background-repeat":"repeat","background-position":"center center","background-size":"auto","background-attachment":"scroll","background-type":"","background-media":"","overlay-type":"","overlay-color":"","overlay-gradient":""}},"ast-content-background-meta":{"desktop":{"background-color":"var(--ast-global-color-5)","background-image":"","background-repeat":"repeat","background-position":"center center","background-size":"auto","background-attachment":"scroll","background-type":"","background-media":"","overlay-type":"","overlay-color":"","overlay-gradient":""},"tablet":{"background-color":"var(--ast-global-color-5)","background-image":"","background-repeat":"repeat","background-position":"center center","background-size":"auto","background-attachment":"scroll","background-type":"","background-media":"","overlay-type":"","overlay-color":"","overlay-gradient":""},"mobile":{"background-color":"var(--ast-global-color-5)","background-image":"","background-repeat":"repeat","background-position":"center center","background-size":"auto","background-attachment":"scroll","background-type":"","background-media":"","overlay-type":"","overlay-color":"","overlay-gradient":""}},"footnotes":""},"class_list":["post-16104","page","type-page","status-publish","hentry"],"acf":[],"_links":{"self":[{"href":"https:\/\/www.en-plustech.com\/de\/wp-json\/wp\/v2\/pages\/16104","targetHints":{"allow":["GET"]}}],"collection":[{"href":"https:\/\/www.en-plustech.com\/de\/wp-json\/wp\/v2\/pages"}],"about":[{"href":"https:\/\/www.en-plustech.com\/de\/wp-json\/wp\/v2\/types\/page"}],"author":[{"embeddable":true,"href":"https:\/\/www.en-plustech.com\/de\/wp-json\/wp\/v2\/users\/12"}],"replies":[{"embeddable":true,"href":"https:\/\/www.en-plustech.com\/de\/wp-json\/wp\/v2\/comments?post=16104"}],"version-history":[{"count":0,"href":"https:\/\/www.en-plustech.com\/de\/wp-json\/wp\/v2\/pages\/16104\/revisions"}],"wp:attachment":[{"href":"https:\/\/www.en-plustech.com\/de\/wp-json\/wp\/v2\/media?parent=16104"}],"curies":[{"name":"wp","href":"https:\/\/api.w.org\/{rel}","templated":true}]}}